{"id":1975,"date":"2023-10-03T14:19:25","date_gmt":"2023-10-03T14:19:25","guid":{"rendered":"https:\/\/euravocat.com\/?page_id=1975"},"modified":"2025-11-03T18:01:27","modified_gmt":"2025-11-03T18:01:27","slug":"poland-krakow","status":"publish","type":"page","link":"https:\/\/euravocat.com\/?page_id=1975","title":{"rendered":"\u00a0Poland | Krak\u00f3w"},"content":{"rendered":"\t\t<div data-elementor-type=\"wp-page\" data-elementor-id=\"1975\" class=\"elementor elementor-1975\">\n\t\t\t\t<div class=\"elementor-element elementor-element-75109a44 e-flex e-con-boxed e-con e-parent\" data-id=\"75109a44\" data-element_type=\"container\">\n\t\t\t\t\t<div class=\"e-con-inner\">\n\t\t<div class=\"elementor-element elementor-element-62d8338d e-con-full e-flex e-con e-child\" data-id=\"62d8338d\" data-element_type=\"container\">\n\t\t\t\t<div class=\"elementor-element elementor-element-34f0406e elementor-widget elementor-widget-heading\" data-id=\"34f0406e\" data-element_type=\"widget\" data-widget_type=\"heading.default\">\n\t\t\t\t<div class=\"elementor-widget-container\">\n\t\t\t\t\t<h2 class=\"elementor-heading-title elementor-size-default\"><span style=\"overflow-wrap: break-word; line-height: normal; font-family: Assistant; color: rgb(40, 40, 40); orphans: 2; widows: 2; text-align: center;\"><span style=\"text-transform: inherit; text-decoration: inherit; font-family: inherit; font-size: inherit; font-weight: inherit; line-height: inherit; letter-spacing: inherit; display: inline;\">Our member in Poland<\/span><\/span><\/h2>\t\t\t\t<\/div>\n\t\t\t\t<\/div>\n\t\t\t\t<div class=\"elementor-element elementor-element-51753117 elementor-widget__width-inherit elementor-widget elementor-widget-image\" data-id=\"51753117\" data-element_type=\"widget\" data-widget_type=\"image.default\">\n\t\t\t\t<div class=\"elementor-widget-container\">\n\t\t\t\t\t\t\t\t\t\t\t\t\t\t\t<img data-recalc-dims=\"1\" fetchpriority=\"high\" decoding=\"async\" width=\"690\" height=\"154\" src=\"https:\/\/i0.wp.com\/euravocat.com\/wp-content\/uploads\/2023\/10\/Poland-.jpg?resize=690%2C154&#038;ssl=1\" class=\"attachment-large size-large wp-image-2155\" alt=\"\" srcset=\"https:\/\/i0.wp.com\/euravocat.com\/wp-content\/uploads\/2023\/10\/Poland-.jpg?resize=1024%2C229&amp;ssl=1 1024w, https:\/\/i0.wp.com\/euravocat.com\/wp-content\/uploads\/2023\/10\/Poland-.jpg?resize=300%2C67&amp;ssl=1 300w, https:\/\/i0.wp.com\/euravocat.com\/wp-content\/uploads\/2023\/10\/Poland-.jpg?resize=768%2C172&amp;ssl=1 768w, https:\/\/i0.wp.com\/euravocat.com\/wp-content\/uploads\/2023\/10\/Poland-.jpg?resize=18%2C4&amp;ssl=1 18w, https:\/\/i0.wp.com\/euravocat.com\/wp-content\/uploads\/2023\/10\/Poland-.jpg?resize=1228%2C276&amp;ssl=1 1228w, https:\/\/i0.wp.com\/euravocat.com\/wp-content\/uploads\/2023\/10\/Poland-.jpg?w=1235&amp;ssl=1 1235w\" sizes=\"(max-width: 690px) 100vw, 690px\" \/>\t\t\t\t\t\t\t\t\t\t\t\t\t\t\t<\/div>\n\t\t\t\t<\/div>\n\t\t\t\t<\/div>\n\t\t\t\t<div class=\"elementor-element elementor-element-237dd946 elementor-widget elementor-widget-text-editor\" data-id=\"237dd946\" data-element_type=\"widget\" data-widget_type=\"text-editor.default\">\n\t\t\t\t<div class=\"elementor-widget-container\">\n\t\t\t\t\t\t\t\t\t<p><span style=\"color: #6ec1e4; font-size: 28px; font-weight: 600; orphans: 2; text-align: var(--text-align); widows: 2; caret-color: #000000;\"><span style=\"color: #a89542; font-family: Assistant;\">ADAMCZYK LIBER &amp; WSP\u00d3TPRACOWNIC<\/span><\/span><\/p>\t\t\t\t\t\t\t\t<\/div>\n\t\t\t\t<\/div>\n\t\t\t\t<div class=\"elementor-element elementor-element-6c6d3e01 elementor-widget-divider--view-line_icon elementor-view-default elementor-widget-divider--element-align-center elementor-widget elementor-widget-divider\" data-id=\"6c6d3e01\" data-element_type=\"widget\" data-widget_type=\"divider.default\">\n\t\t\t\t<div class=\"elementor-widget-container\">\n\t\t\t\t\t\t\t<div class=\"elementor-divider\">\n\t\t\t<span class=\"elementor-divider-separator\">\n\t\t\t\t\t\t\t<div class=\"elementor-icon elementor-divider__element\">\n\t\t\t\t\t<svg aria-hidden=\"true\" class=\"e-font-icon-svg e-fas-star\" viewBox=\"0 0 576 512\" xmlns=\"http:\/\/www.w3.org\/2000\/svg\"><path d=\"M259.3 17.8L194 150.2 47.9 171.5c-26.2 3.8-36.7 36.1-17.7 54.6l105.7 103-25 145.5c-4.5 26.3 23.2 46 46.4 33.7L288 439.6l130.7 68.7c23.2 12.2 50.9-7.4 46.4-33.7l-25-145.5 105.7-103c19-18.5 8.5-50.8-17.7-54.6L382 150.2 316.7 17.8c-11.7-23.6-45.6-23.9-57.4 0z\"><\/path><\/svg><\/div>\n\t\t\t\t\t\t<\/span>\n\t\t<\/div>\n\t\t\t\t\t\t<\/div>\n\t\t\t\t<\/div>\n\t\t\t\t<div class=\"elementor-element elementor-element-5cf7d443 elementor-widget elementor-widget-text-editor\" data-id=\"5cf7d443\" data-element_type=\"widget\" data-widget_type=\"text-editor.default\">\n\t\t\t\t<div class=\"elementor-widget-container\">\n\t\t\t\t\t\t\t\t\t<p class=\"brz-tp-lg-paragraph brz-mb-lg-0 brz-css-t8pzk\" data-uniq-id=\"lwekt\" data-generated-css=\"brz-css-aloat\">ul. Cieszy\u0144ska 13<\/p><p class=\"brz-tp-lg-paragraph brz-mb-lg-0 brz-css-t8pzk\" data-uniq-id=\"lwekt\" data-generated-css=\"brz-css-aloat\"><br \/>30-015 Krak\u00f3w &#8211; Poland<\/p><p class=\"brz-tp-lg-paragraph brz-mb-lg-0 brz-css-t8pzk\" data-uniq-id=\"lwekt\" data-generated-css=\"brz-css-aloat\"><br \/>+48\u00a0605 97 15 77<\/p><p class=\"brz-tp-lg-paragraph brz-mb-lg-0 brz-css-t8pzk\" data-uniq-id=\"lwekt\" data-generated-css=\"brz-css-aloat\"><br \/>+48 728 49 17 17<\/p><p class=\"brz-tp-lg-paragraph brz-css-cwH9V\" data-uniq-id=\"xbcxd\" data-generated-css=\"brz-css-nysxa\"><span class=\"brz-cp-color7\">URL :<\/span><a class=\"link--external brz-cp-color7\" href=\"https:\/\/honsig.kuenburg.com\" data-brz-link-type=\"external\">\u00a0<\/a><a class=\"link--external brz-cp-color7\" href=\"https:\/\/honsig.kuenburg.com\" data-brz-link-type=\"external\">https:\/\/www.allegal.pl<\/a><\/p>\t\t\t\t\t\t\t\t<\/div>\n\t\t\t\t<\/div>\n\t\t<div class=\"elementor-element elementor-element-49b8970e e-grid e-con-full e-con e-child\" data-id=\"49b8970e\" data-element_type=\"container\">\n\t\t\t\t<div class=\"elementor-element elementor-element-22359705 elementor-widget elementor-widget-text-editor\" data-id=\"22359705\" data-element_type=\"widget\" data-widget_type=\"text-editor.default\">\n\t\t\t\t<div class=\"elementor-widget-container\">\n\t\t\t\t\t\t\t\t\t<div class=\"brz-columns brz-css-u9XCN brz-css-crHlZ\" style=\"caret-color: #000000; color: #000000;\" data-brz-custom-id=\"dkrdxkdysn\"><div class=\"brz-column__items brz-css-dUTRc\"><div id=\"\" class=\"brz-css-o93Ku brz-wrapper\"><div class=\"brz-rich-text brz-rich-text__custom brz-css-kzKtn\" data-brz-custom-id=\"lzvmhtlnxl\"><div data-brz-translate-text=\"1\"><h2><span style=\"color: #a89542;\"><b>Major areas of practice<\/b><\/span><\/h2><p class=\"brz-tp-paragraph brz-css-w4DnR\"><strong>\u00a0<\/strong><\/p><div class=\"brz-columns brz-css-eTwV5 brz-css-oGkJh\" data-brz-custom-id=\"zbvwqvorctcxoejpymabwcmwcvkvvkszcajl\"><div class=\"brz-column__items brz-css-pB2KN\"><div id=\"\" class=\"brz-css-ltFjX brz-css-hWKQv brz-wrapper\"><div class=\"brz-rich-text brz-rich-text__custom brz-css-f95nV\" data-brz-custom-id=\"uwmvbtdmutbjmzbzwwnhsoglfpbhiufdezly\"><div data-brz-translate-text=\"1\"><p class=\"brz-tp-lg-button brz-css-r56Tm\" data-generated-css=\"brz-css-unhig\" data-uniq-id=\"azajy\"><span class=\"brz-cp-color7\">Business contracts in Poland and in international trade<\/span><\/p><p class=\"brz-tp-lg-button brz-css-bUrDt\" data-generated-css=\"brz-css-hhzmu\" data-uniq-id=\"bixag\"><span class=\"brz-cp-color7\">Legal assistance for business abroad<\/span><\/p><p class=\"brz-tp-lg-button brz-css-zOtu1\" data-generated-css=\"brz-css-inqci\" data-uniq-id=\"nxccn\"><span class=\"brz-cp-color7\">Corporate transactions<\/span><\/p><p class=\"brz-tp-lg-button brz-css-pNOLa\" data-generated-css=\"brz-css-klnfh\" data-uniq-id=\"prrjp\"><span class=\"brz-cp-color7\">Startups<\/span><\/p><p class=\"brz-tp-lg-button brz-css-xvg2D\" data-generated-css=\"brz-css-dlybv\" data-uniq-id=\"aeumv\"><span class=\"brz-cp-color7\">Real estate<\/span><\/p><\/div><\/div><\/div><\/div><\/div><div class=\"brz-columns brz-css-eTwV5 brz-css-xxFkE\" data-brz-custom-id=\"efhkypmeaxnhcqpscnkllspwsdhnhwcszqwt\"><div class=\"brz-bg\">\u00a0<\/div><\/div><\/div><\/div><\/div><\/div><\/div>\t\t\t\t\t\t\t\t<\/div>\n\t\t\t\t<\/div>\n\t\t\t\t<div class=\"elementor-element elementor-element-19c758ff elementor-widget elementor-widget-text-editor\" data-id=\"19c758ff\" data-element_type=\"widget\" data-widget_type=\"text-editor.default\">\n\t\t\t\t<div class=\"elementor-widget-container\">\n\t\t\t\t\t\t\t\t\t<div class=\"brz-columns brz-css-u9XCN brz-css-rnlvm\" style=\"caret-color: #000000; color: #000000;\" data-brz-custom-id=\"cnwnbcflde\"><h3><strong style=\"color: #a89542;\">Languages<\/strong><\/h3><div class=\"brz-column__items brz-css-dUTRc\"><div class=\"brz-row__container brz-css-hsHVO\" data-brz-custom-id=\"oscigrhiwg\"><div class=\"brz-row brz-row--inner brz-css-wfaV_ brz-css-fcHdg\"><div class=\"brz-columns brz-css-u9XCN brz-css-nWoGv\" data-brz-custom-id=\"zxnemhupyq\"><div class=\"brz-column__items brz-css-dUTRc\"><div id=\"\" class=\"brz-css-o93Ku brz-wrapper\"><div class=\"brz-rich-text brz-rich-text__custom brz-css-kzKtn\" data-brz-custom-id=\"dtohujcmgh\"><div data-brz-translate-text=\"1\"><p class=\"brz-tp-paragraph brz-css-blAOZ\"><span class=\"brz-cp-color7\">\u00a0<\/span><\/p><p class=\"brz-tp-paragraph brz-css-gYs86\"><span class=\"brz-cp-color7\">English, French &amp; Spanish<\/span><\/p><\/div><\/div><\/div><\/div><\/div><\/div><\/div><\/div><\/div>\t\t\t\t\t\t\t\t<\/div>\n\t\t\t\t<\/div>\n\t\t\t\t<div class=\"elementor-element elementor-element-55d52c99 elementor-widget elementor-widget-link-in-bio\" data-id=\"55d52c99\" data-element_type=\"widget\" data-widget_type=\"link-in-bio.default\">\n\t\t\t\t<div class=\"elementor-widget-container\">\n\t\t\t\t\t\t\t<div class=\"e-link-in-bio e-link-in-bio\">\n\t\t\t<div class=\"e-link-in-bio__content\">\n\n\t\t\t\t\t\t<div class=\"e-link-in-bio__identity\">\n\t\t\t\t\t\t\t\t\t<div class=\"e-link-in-bio__identity-image e-link-in-bio__identity-image-profile has-style-circle\">\n\t\t\t\t\t\t\t<img data-recalc-dims=\"1\" decoding=\"async\" width=\"200\" height=\"300\" src=\"https:\/\/i0.wp.com\/euravocat.com\/wp-content\/uploads\/2023\/09\/aa_l-2.jpg?resize=200%2C300&#038;ssl=1\" class=\"e-link-in-bio__identity-image-element\" alt=\"\" srcset=\"https:\/\/i0.wp.com\/euravocat.com\/wp-content\/uploads\/2023\/09\/aa_l-2.jpg?resize=200%2C300&amp;ssl=1 200w, https:\/\/i0.wp.com\/euravocat.com\/wp-content\/uploads\/2023\/09\/aa_l-2.jpg?resize=8%2C12&amp;ssl=1 8w, https:\/\/i0.wp.com\/euravocat.com\/wp-content\/uploads\/2023\/09\/aa_l-2.jpg?w=411&amp;ssl=1 411w\" sizes=\"(max-width: 200px) 100vw, 200px\" \/>\t\t\t\t\t\t\t\t\t\t\t\t\t<\/div>\n\t\t\t\t\t\t\t<\/div>\n\t\t\t\t\t<div class=\"e-link-in-bio__bio\">\n\t\t\t\t<h2 class=\"e-link-in-bio__heading\">Mrs. Agata Adamczyk  \n\n<\/h2>\t\t\t\t\t\t\t\t\t\t\t\t\t\t\t<\/div>\n\t\t\t\t\t<div class=\"e-link-in-bio__icons has-size-medium\">\n\t\t\t\t\t\t\t<div class=\"e-link-in-bio__icon is-size-medium\">\n\t\t\t\t\t<a href=\"https:\/\/www.linkedin.com\/in\/agata-adamczyk-ll-m-51564b23\/\" target=\"_blank\" rel=\"noopener \" aria-label=\"LinkedIn\" class=\"e-link-in-bio__icon-link\">\n\t\t\t\t\t\t<span class=\"e-link-in-bio__icon-svg\">\n\t\t\t\t\t\t\t<svg aria-hidden=\"true\" class=\"e-font-icon-svg e-fab-linkedin-in\" viewBox=\"0 0 448 512\" xmlns=\"http:\/\/www.w3.org\/2000\/svg\"><path d=\"M100.28 448H7.4V148.9h92.88zM53.79 108.1C24.09 108.1 0 83.5 0 53.8a53.79 53.79 0 0 1 107.58 0c0 29.7-24.1 54.3-53.79 54.3zM447.9 448h-92.68V302.4c0-34.7-.7-79.2-48.29-79.2-48.29 0-55.69 37.7-55.69 76.7V448h-92.78V148.9h89.08v40.8h1.3c12.4-23.5 42.69-48.3 87.88-48.3 94 0 111.28 61.9 111.28 142.3V448z\"><\/path><\/svg>\t\t\t\t\t\t<\/span>\n\t\t\t\t\t\t\t\t\t\t\t<\/a>\n\t\t\t\t<\/div>\n\t\t\t\t\t<\/div>\n\t\t\n\t\t<div class=\"e-link-in-bio__ctas has-type-button\">\n\t\t\t\t\t\t\t<a class=\"e-link-in-bio__cta is-type-button has-border has-corners-rounded\" href=\"mailto:biuro@allegal.pl\">\n\t\t\t\t\t\t\t\t\t\t<span class=\"e-link-in-bio__cta-text\">\n\t\t\t\t\t\t@\t\t\t\t\t<\/span>\n\t\t\t\t<\/a>\n\t\t\t\t\t<\/div>\n\t\t\n\t\t\t<\/div>\n\t\t\t<div class=\"e-link-in-bio__bg\">\n\t\t\t\t<div class=\"e-link-in-bio__bg-overlay\"><\/div>\n\t\t\t<\/div>\n\t\t<\/div>\n\t\t\t\t\t\t<\/div>\n\t\t\t\t<\/div>\n\t\t\t\t<\/div>\n\t\t\t\t\t<\/div>\n\t\t\t\t<\/div>\n\t\t\t\t<\/div>\n\t\t","protected":false},"excerpt":{"rendered":"<p>Our member in Poland ADAMCZYK LIBER &amp; WSP\u00d3TPRACOWNIC ul. Cieszy\u0144ska 13 30-015 Krak\u00f3w &#8211; Poland +48\u00a0605 97 15 77 +48 728 49 17 17 URL :\u00a0https:\/\/www.allegal.pl Major areas of practice \u00a0 Business contracts in Poland and in international trade Legal assistance for business abroad Corporate transactions Startups Real estate \u00a0 Languages \u00a0 English, French &amp;<br \/><a class=\"moretag\" href=\"https:\/\/euravocat.com\/?page_id=1975\">+ Read More<\/a><\/p>\n","protected":false},"author":1,"featured_media":0,"parent":0,"menu_order":0,"comment_status":"closed","ping_status":"closed","template":"elementor_header_footer","meta":{"jetpack_post_was_ever_published":false,"footnotes":""},"class_list":["post-1975","page","type-page","status-publish","hentry"],"jetpack_sharing_enabled":true,"jetpack_shortlink":"https:\/\/wp.me\/Pauee1-vR","_links":{"self":[{"href":"https:\/\/euravocat.com\/index.php?rest_route=\/wp\/v2\/pages\/1975","targetHints":{"allow":["GET"]}}],"collection":[{"href":"https:\/\/euravocat.com\/index.php?rest_route=\/wp\/v2\/pages"}],"about":[{"href":"https:\/\/euravocat.com\/index.php?rest_route=\/wp\/v2\/types\/page"}],"author":[{"embeddable":true,"href":"https:\/\/euravocat.com\/index.php?rest_route=\/wp\/v2\/users\/1"}],"replies":[{"embeddable":true,"href":"https:\/\/euravocat.com\/index.php?rest_route=%2Fwp%2Fv2%2Fcomments&post=1975"}],"version-history":[{"count":27,"href":"https:\/\/euravocat.com\/index.php?rest_route=\/wp\/v2\/pages\/1975\/revisions"}],"predecessor-version":[{"id":3698,"href":"https:\/\/euravocat.com\/index.php?rest_route=\/wp\/v2\/pages\/1975\/revisions\/3698"}],"wp:attachment":[{"href":"https:\/\/euravocat.com\/index.php?rest_route=%2Fwp%2Fv2%2Fmedia&parent=1975"}],"curies":[{"name":"wp","href":"https:\/\/api.w.org\/{rel}","templated":true}]}}